{"id":18,"date":"2022-05-15T16:26:44","date_gmt":"2022-05-15T16:26:44","guid":{"rendered":"https:\/\/corinne.hersche.org\/millo\/?page_id=18"},"modified":"2025-02-13T21:17:23","modified_gmt":"2025-02-13T20:17:23","slug":"startseite","status":"publish","type":"page","link":"https:\/\/corinne.hersche.org\/millo\/","title":{"rendered":"Millo-Schaukel \u2013 Ein Geschenk, das Freude schenkt"},"content":{"rendered":"\n<p>Sch\u00f6n, dass du dich f\u00fcr die Millo-Schaukeln interessierst! &nbsp;<\/p>\n\n\n\n<p>W\u00e4hrend meiner Reisen durch Afrika habe ich, ohne einen konkreten Plan, verschiedene Stoffe gekauft. Die leuchtenden Farben und au\u00dfergew\u00f6hnlichen Muster waren einfach unwiderstehlich. &nbsp;<\/p>\n\n\n\n<p>Als ich dann die erste Schaukel f\u00fcr meinen Sohn Camillo n\u00e4hte, waren wir alle begeistert. Was als einzelnes Projekt begann, wurde schnell zu einer gro\u00dfen Leidenschaft. Heute bin ich \u00fcberzeugt: Eine Millo-Schaukel ist das ideale Geschenk \u2013 sei es f\u00fcr ein Baby oder den ersten Geburtstag. &nbsp;<\/p>\n\n\n\n<p>Meine Schaukeln bestehen aus 100 % Baumwollstoff und hochwertigem Schweizer Buchenholz. Jedes St\u00fcck wird in liebevoller Handarbeit gefertigt und ist einzigartig. Zudem gibt es jeden Schaukeltyp nur in einer streng limitierten Auflage von maximal 10 St\u00fcck \u2013 ein echtes Unikat! &nbsp;<\/p>\n\n\n\n<p><br><\/p>\n\n\n\n<figure class=\"wp-block-gallery has-nested-images columns-default is-cropped wp-block-gallery-1 is-layout-flex wp-block-gallery-is-layout-flex\">\n<figure class=\"wp-block-image size-large\"><img loading=\"lazy\" decoding=\"async\" width=\"1024\" height=\"845\" data-id=\"123\" src=\"https:\/\/corinne.hersche.org\/millo\/wp-content\/uploads\/2022\/05\/DE6B7E50-0C1A-42E9-ADFA-F369430D9C67_1_201_a-1-1024x845.jpeg\" alt=\"\" class=\"wp-image-123\" srcset=\"https:\/\/corinne.hersche.org\/millo\/wp-content\/uploads\/2022\/05\/DE6B7E50-0C1A-42E9-ADFA-F369430D9C67_1_201_a-1-1024x845.jpeg 1024w, https:\/\/corinne.hersche.org\/millo\/wp-content\/uploads\/2022\/05\/DE6B7E50-0C1A-42E9-ADFA-F369430D9C67_1_201_a-1-300x248.jpeg 300w, https:\/\/corinne.hersche.org\/millo\/wp-content\/uploads\/2022\/05\/DE6B7E50-0C1A-42E9-ADFA-F369430D9C67_1_201_a-1-768x634.jpeg 768w, https:\/\/corinne.hersche.org\/millo\/wp-content\/uploads\/2022\/05\/DE6B7E50-0C1A-42E9-ADFA-F369430D9C67_1_201_a-1-1536x1268.jpeg 1536w, https:\/\/corinne.hersche.org\/millo\/wp-content\/uploads\/2022\/05\/DE6B7E50-0C1A-42E9-ADFA-F369430D9C67_1_201_a-1-2048x1691.jpeg 2048w, https:\/\/corinne.hersche.org\/millo\/wp-content\/uploads\/2022\/05\/DE6B7E50-0C1A-42E9-ADFA-F369430D9C67_1_201_a-1-350x289.jpeg 350w\" sizes=\"auto, (max-width: 767px) 89vw, (max-width: 1000px) 54vw, (max-width: 1071px) 543px, 580px\" \/><\/figure>\n\n\n\n<figure class=\"wp-block-image size-large\"><img loading=\"lazy\" decoding=\"async\" width=\"1024\" height=\"815\" data-id=\"121\" src=\"https:\/\/corinne.hersche.org\/millo\/wp-content\/uploads\/2022\/05\/6E8396E2-B65B-4A2C-BF4E-E690BFD9F2D0-1024x815.jpeg\" alt=\"\" class=\"wp-image-121\" srcset=\"https:\/\/corinne.hersche.org\/millo\/wp-content\/uploads\/2022\/05\/6E8396E2-B65B-4A2C-BF4E-E690BFD9F2D0-1024x815.jpeg 1024w, https:\/\/corinne.hersche.org\/millo\/wp-content\/uploads\/2022\/05\/6E8396E2-B65B-4A2C-BF4E-E690BFD9F2D0-300x239.jpeg 300w, https:\/\/corinne.hersche.org\/millo\/wp-content\/uploads\/2022\/05\/6E8396E2-B65B-4A2C-BF4E-E690BFD9F2D0-768x611.jpeg 768w, https:\/\/corinne.hersche.org\/millo\/wp-content\/uploads\/2022\/05\/6E8396E2-B65B-4A2C-BF4E-E690BFD9F2D0-1536x1223.jpeg 1536w, https:\/\/corinne.hersche.org\/millo\/wp-content\/uploads\/2022\/05\/6E8396E2-B65B-4A2C-BF4E-E690BFD9F2D0-350x279.jpeg 350w, https:\/\/corinne.hersche.org\/millo\/wp-content\/uploads\/2022\/05\/6E8396E2-B65B-4A2C-BF4E-E690BFD9F2D0.jpeg 1987w\" sizes=\"auto, (max-width: 767px) 89vw, (max-width: 1000px) 54vw, (max-width: 1071px) 543px, 580px\" \/><\/figure>\n\n\n\n<figure class=\"wp-block-image size-large\"><img loading=\"lazy\" decoding=\"async\" width=\"1024\" height=\"940\" data-id=\"122\" src=\"https:\/\/corinne.hersche.org\/millo\/wp-content\/uploads\/2022\/05\/B6599BBA-19F6-4F5E-BCF9-63442B3F00DD-1-1024x940.jpeg\" alt=\"\" class=\"wp-image-122\" srcset=\"https:\/\/corinne.hersche.org\/millo\/wp-content\/uploads\/2022\/05\/B6599BBA-19F6-4F5E-BCF9-63442B3F00DD-1-1024x940.jpeg 1024w, https:\/\/corinne.hersche.org\/millo\/wp-content\/uploads\/2022\/05\/B6599BBA-19F6-4F5E-BCF9-63442B3F00DD-1-300x276.jpeg 300w, https:\/\/corinne.hersche.org\/millo\/wp-content\/uploads\/2022\/05\/B6599BBA-19F6-4F5E-BCF9-63442B3F00DD-1-768x705.jpeg 768w, https:\/\/corinne.hersche.org\/millo\/wp-content\/uploads\/2022\/05\/B6599BBA-19F6-4F5E-BCF9-63442B3F00DD-1-1536x1411.jpeg 1536w, https:\/\/corinne.hersche.org\/millo\/wp-content\/uploads\/2022\/05\/B6599BBA-19F6-4F5E-BCF9-63442B3F00DD-1-350x321.jpeg 350w, https:\/\/corinne.hersche.org\/millo\/wp-content\/uploads\/2022\/05\/B6599BBA-19F6-4F5E-BCF9-63442B3F00DD-1.jpeg 1850w\" sizes=\"auto, (max-width: 767px) 89vw, (max-width: 1000px) 54vw, (max-width: 1071px) 543px, 580px\" \/><\/figure>\n\n\n\n<figure class=\"wp-block-image size-large\"><img loading=\"lazy\" decoding=\"async\" width=\"2560\" height=\"2258\" data-id=\"117\" src=\"https:\/\/corinne.hersche.org\/millo\/wp-content\/uploads\/2022\/05\/44DEA451-F1E9-4D08-B1D3-C57C55F6A41B_1_201_a-scaled.jpeg\" alt=\"\" class=\"wp-image-117\" srcset=\"https:\/\/corinne.hersche.org\/millo\/wp-content\/uploads\/2022\/05\/44DEA451-F1E9-4D08-B1D3-C57C55F6A41B_1_201_a-scaled.jpeg 2560w, https:\/\/corinne.hersche.org\/millo\/wp-content\/uploads\/2022\/05\/44DEA451-F1E9-4D08-B1D3-C57C55F6A41B_1_201_a-300x265.jpeg 300w, https:\/\/corinne.hersche.org\/millo\/wp-content\/uploads\/2022\/05\/44DEA451-F1E9-4D08-B1D3-C57C55F6A41B_1_201_a-1024x903.jpeg 1024w, https:\/\/corinne.hersche.org\/millo\/wp-content\/uploads\/2022\/05\/44DEA451-F1E9-4D08-B1D3-C57C55F6A41B_1_201_a-768x677.jpeg 768w, https:\/\/corinne.hersche.org\/millo\/wp-content\/uploads\/2022\/05\/44DEA451-F1E9-4D08-B1D3-C57C55F6A41B_1_201_a-1536x1355.jpeg 1536w, https:\/\/corinne.hersche.org\/millo\/wp-content\/uploads\/2022\/05\/44DEA451-F1E9-4D08-B1D3-C57C55F6A41B_1_201_a-2048x1806.jpeg 2048w, https:\/\/corinne.hersche.org\/millo\/wp-content\/uploads\/2022\/05\/44DEA451-F1E9-4D08-B1D3-C57C55F6A41B_1_201_a-350x309.jpeg 350w\" sizes=\"auto, (max-width: 767px) 89vw, (max-width: 1000px) 54vw, (max-width: 1071px) 543px, 580px\" \/><\/figure>\n<\/figure>\n","protected":false},"excerpt":{"rendered":"<p>Sch\u00f6n, dass du dich f\u00fcr die Millo-Schaukeln interessierst! &nbsp; W\u00e4hrend meiner Reisen durch Afrika habe ich, ohne einen konkreten Plan, verschiedene Stoffe gekauft. Die leuchtenden Farben und au\u00dfergew\u00f6hnlichen Muster waren einfach unwiderstehlich. &nbsp; Als ich dann die erste Schaukel f\u00fcr meinen Sohn Camillo n\u00e4hte, waren wir alle begeistert. Was als einzelnes Projekt begann, wurde schnell &hellip; <\/p>\n<p class=\"link-more\"><a href=\"https:\/\/corinne.hersche.org\/millo\/\" class=\"more-link\"><span class=\"screen-reader-text\">\u201eMillo-Schaukel \u2013 Ein Geschenk, das Freude schenkt\u201c <\/span>weiterlesen<\/a><\/p>\n","protected":false},"author":1,"featured_media":67,"parent":0,"menu_order":0,"comment_status":"closed","ping_status":"closed","template":"","meta":{"footnotes":""},"class_list":["post-18","page","type-page","status-publish","has-post-thumbnail","hentry"],"_links":{"self":[{"href":"https:\/\/corinne.hersche.org\/millo\/wp-json\/wp\/v2\/pages\/18","targetHints":{"allow":["GET"]}}],"collection":[{"href":"https:\/\/corinne.hersche.org\/millo\/wp-json\/wp\/v2\/pages"}],"about":[{"href":"https:\/\/corinne.hersche.org\/millo\/wp-json\/wp\/v2\/types\/page"}],"author":[{"embeddable":true,"href":"https:\/\/corinne.hersche.org\/millo\/wp-json\/wp\/v2\/users\/1"}],"replies":[{"embeddable":true,"href":"https:\/\/corinne.hersche.org\/millo\/wp-json\/wp\/v2\/comments?post=18"}],"version-history":[{"count":11,"href":"https:\/\/corinne.hersche.org\/millo\/wp-json\/wp\/v2\/pages\/18\/revisions"}],"predecessor-version":[{"id":163,"href":"https:\/\/corinne.hersche.org\/millo\/wp-json\/wp\/v2\/pages\/18\/revisions\/163"}],"wp:featuredmedia":[{"embeddable":true,"href":"https:\/\/corinne.hersche.org\/millo\/wp-json\/wp\/v2\/media\/67"}],"wp:attachment":[{"href":"https:\/\/corinne.hersche.org\/millo\/wp-json\/wp\/v2\/media?parent=18"}],"curies":[{"name":"wp","href":"https:\/\/api.w.org\/{rel}","templated":true}]}}